{"id":101,"date":"2020-08-26T15:50:18","date_gmt":"2020-08-26T15:50:18","guid":{"rendered":"https:\/\/marcepany.pl\/wp\/?page_id=101"},"modified":"2020-08-31T08:54:04","modified_gmt":"2020-08-31T08:54:04","slug":"spacery-historyczne","status":"publish","type":"page","link":"https:\/\/marcepany.pl\/?page_id=101","title":{"rendered":"Spacery historyczne"},"content":{"rendered":"\n<p class=\"has-drop-cap has-black-color has-text-color\"><em>SPACER PO PIOTRKOWIE \u015aLADAMI JAGIELLON\u00d3W<\/em><\/p>\n\n\n\n<p class=\"has-black-color has-text-color\">Czasy Jagiellon\u00f3w to apogeum \u015bwietno\u015bci Piotrkowa, jednego z najwa\u017cniejszych miast Rzeczypospolitej. Przewodnik \u2013 kr\u00f3l Zygmunt \u2013 zabierze uczestnik\u00f3w w w\u0119dr\u00f3wk\u0119 po dawnym Piotrkowie, mie\u015bcie sejm\u00f3w, ho\u0142d\u00f3w krzy\u017cackich, aptekarzy i zakonnik\u00f3w.<\/p>\n\n\n\n<p class=\"has-black-color has-text-color\">Czas trwania \u2013 ok. 1 godziny<\/p>\n","protected":false},"excerpt":{"rendered":"<p>SPACER PO PIOTRKOWIE \u015aLADAMI JAGIELLON\u00d3W Czasy Jagiellon\u00f3w to apogeum \u015bwietno\u015bci Piotrkowa, jednego z najwa\u017cniejszych miast Rzeczypospolitej. Przewodnik \u2013 kr\u00f3l Zygmunt \u2013 zabierze uczestnik\u00f3w w w\u0119dr\u00f3wk\u0119 po dawnym Piotrkowie, mie\u015bcie sejm\u00f3w, ho\u0142d\u00f3w krzy\u017cackich, aptekarzy i zakonnik\u00f3w. Czas trwania \u2013 ok. 1 godziny<\/p>\n","protected":false},"author":1,"featured_media":0,"parent":0,"menu_order":0,"comment_status":"closed","ping_status":"closed","template":"","meta":{"footnotes":"","_links_to":"","_links_to_target":""},"class_list":["post-101","page","type-page","status-publish","hentry"],"_links":{"self":[{"href":"https:\/\/marcepany.pl\/index.php?rest_route=\/wp\/v2\/pages\/101","targetHints":{"allow":["GET"]}}],"collection":[{"href":"https:\/\/marcepany.pl\/index.php?rest_route=\/wp\/v2\/pages"}],"about":[{"href":"https:\/\/marcepany.pl\/index.php?rest_route=\/wp\/v2\/types\/page"}],"author":[{"embeddable":true,"href":"https:\/\/marcepany.pl\/index.php?rest_route=\/wp\/v2\/users\/1"}],"replies":[{"embeddable":true,"href":"https:\/\/marcepany.pl\/index.php?rest_route=%2Fwp%2Fv2%2Fcomments&post=101"}],"version-history":[{"count":2,"href":"https:\/\/marcepany.pl\/index.php?rest_route=\/wp\/v2\/pages\/101\/revisions"}],"predecessor-version":[{"id":201,"href":"https:\/\/marcepany.pl\/index.php?rest_route=\/wp\/v2\/pages\/101\/revisions\/201"}],"wp:attachment":[{"href":"https:\/\/marcepany.pl\/index.php?rest_route=%2Fwp%2Fv2%2Fmedia&parent=101"}],"curies":[{"name":"wp","href":"https:\/\/api.w.org\/{rel}","templated":true}]}}