{"id":403,"date":"2020-10-30T20:10:15","date_gmt":"2020-10-30T20:10:15","guid":{"rendered":"https:\/\/marcepany.pl\/?page_id=403"},"modified":"2020-11-30T10:36:05","modified_gmt":"2020-11-30T10:36:05","slug":"czekolada-podbija-europe","status":"publish","type":"page","link":"https:\/\/marcepany.pl\/?page_id=403","title":{"rendered":"CZEKOLADA PODBIJA EUROP\u0118"},"content":{"rendered":"\n<figure class=\"wp-block-gallery columns-4 is-cropped\"><ul class=\"blocks-gallery-grid\"><li class=\"blocks-gallery-item\"><figure><a href=\"https:\/\/marcepany.pl\/wpmm\/wystawy\/czekolada01.pdf\"><img loading=\"lazy\" decoding=\"async\" width=\"724\" height=\"1024\" src=\"https:\/\/marcepany.pl\/wpmm\/wp-content\/uploads\/2020\/09\/czekolada01-724x1024.jpg\" alt=\"Plansza numer 1 - CZEKOLADA PODBIJA EUROP\u0118\" data-id=\"294\" data-full-url=\"https:\/\/marcepany.pl\/wpmm\/wp-content\/uploads\/2020\/09\/czekolada01-scaled.jpg\" data-link=\"https:\/\/marcepany.pl\/?attachment_id=294\" class=\"wp-image-294\"><\/a><\/figure><\/li><li class=\"blocks-gallery-item\"><figure><a href=\"https:\/\/marcepany.pl\/wpmm\/wystawy\/czekolada02.pdf\"><img loading=\"lazy\" decoding=\"async\" width=\"724\" height=\"1024\" src=\"https:\/\/marcepany.pl\/wpmm\/wp-content\/uploads\/2020\/09\/czekolada02-724x1024.jpg\" alt=\"Plansza numer 2 - SPOTKANIE KULTUR - 1519\" data-id=\"295\" data-full-url=\"https:\/\/marcepany.pl\/wpmm\/wp-content\/uploads\/2020\/09\/czekolada02-scaled.jpg\" data-link=\"https:\/\/marcepany.pl\/?attachment_id=295\" class=\"wp-image-295\"><\/a><\/figure><\/li><li class=\"blocks-gallery-item\"><figure><a href=\"https:\/\/marcepany.pl\/wpmm\/wystawy\/czekolada03.pdf\"><img loading=\"lazy\" decoding=\"async\" width=\"724\" height=\"1024\" src=\"https:\/\/marcepany.pl\/wpmm\/wp-content\/uploads\/2020\/09\/czekolada03-724x1024.jpg\" alt=\"Plansza numer 3 - KALENDARIUM DZIEJ\u00d3W CZEKOLADY\" data-id=\"296\" data-full-url=\"https:\/\/marcepany.pl\/wpmm\/wp-content\/uploads\/2020\/09\/czekolada03-scaled.jpg\" data-link=\"https:\/\/marcepany.pl\/?attachment_id=296\" class=\"wp-image-296\"><\/a><\/figure><\/li><li class=\"blocks-gallery-item\"><figure><a href=\"https:\/\/marcepany.pl\/wpmm\/wystawy\/czekolada04.pdf\"><img loading=\"lazy\" decoding=\"async\" width=\"724\" height=\"1024\" src=\"https:\/\/marcepany.pl\/wpmm\/wp-content\/uploads\/2020\/09\/czekolada04-724x1024.jpg\" alt=\"Plansza numer 4 - CHOKOLA\u2019J, CACAHUATL, CHOCOLATE, CZEKOLADA\" data-id=\"297\" data-full-url=\"https:\/\/marcepany.pl\/wpmm\/wp-content\/uploads\/2020\/09\/czekolada04-scaled.jpg\" data-link=\"https:\/\/marcepany.pl\/?attachment_id=297\" class=\"wp-image-297\"><\/a><\/figure><\/li><li class=\"blocks-gallery-item\"><figure><a href=\"https:\/\/marcepany.pl\/wpmm\/wystawy\/czekolada05.pdf\"><img loading=\"lazy\" decoding=\"async\" width=\"724\" height=\"1024\" src=\"https:\/\/marcepany.pl\/wpmm\/wp-content\/uploads\/2020\/09\/czekolada05-724x1024.jpg\" alt=\"Plansza numer 5 - CZEKOLADA POJAWIA SI\u0118 W EUROPIE\u2026\" data-id=\"298\" data-full-url=\"https:\/\/marcepany.pl\/wpmm\/wp-content\/uploads\/2020\/09\/czekolada05-scaled.jpg\" data-link=\"https:\/\/marcepany.pl\/?attachment_id=298\" class=\"wp-image-298\"><\/a><\/figure><\/li><li class=\"blocks-gallery-item\"><figure><a href=\"https:\/\/marcepany.pl\/wpmm\/wystawy\/czekolada06.pdf\"><img loading=\"lazy\" decoding=\"async\" width=\"724\" height=\"1024\" src=\"https:\/\/marcepany.pl\/wpmm\/wp-content\/uploads\/2020\/09\/czekolada06-724x1024.jpg\" alt=\"Plansza numer 6 - CZEKOLADA STAJE SI\u0118 POWSZECHNA\" data-id=\"299\" data-full-url=\"https:\/\/marcepany.pl\/wpmm\/wp-content\/uploads\/2020\/09\/czekolada06-scaled.jpg\" data-link=\"https:\/\/marcepany.pl\/?attachment_id=299\" class=\"wp-image-299\"><\/a><\/figure><\/li><li class=\"blocks-gallery-item\"><figure><a href=\"https:\/\/marcepany.pl\/wpmm\/wystawy\/czekolada07.pdf\"><img loading=\"lazy\" decoding=\"async\" width=\"724\" height=\"1024\" src=\"https:\/\/marcepany.pl\/wpmm\/wp-content\/uploads\/2020\/09\/czekolada07-724x1024.jpg\" alt=\"Plansza numer 7 - CZY WIESZ, \u017bE ...\" data-id=\"300\" data-full-url=\"https:\/\/marcepany.pl\/wpmm\/wp-content\/uploads\/2020\/09\/czekolada07-scaled.jpg\" data-link=\"https:\/\/marcepany.pl\/?attachment_id=300\" class=\"wp-image-300\"><\/a><\/figure><\/li><li class=\"blocks-gallery-item\"><figure><a href=\"https:\/\/marcepany.pl\/wpmm\/wystawy\/czekolada08.pdf\"><img loading=\"lazy\" decoding=\"async\" width=\"724\" height=\"1024\" src=\"https:\/\/marcepany.pl\/wpmm\/wp-content\/uploads\/2020\/09\/czekolada08-724x1024.jpg\" alt=\"Plansza numer 8 -PIOTRKOWSKIE KAWIARNIE I CUKIERNIA\" data-id=\"301\" data-full-url=\"https:\/\/marcepany.pl\/wpmm\/wp-content\/uploads\/2020\/09\/czekolada08-scaled.jpg\" data-link=\"https:\/\/marcepany.pl\/?attachment_id=301\" class=\"wp-image-301\"><\/a><\/figure><\/li><\/ul><\/figure>\n<p><\/p>\n<hr>\n\n\n\n<p class=\"has-black-color has-text-color\">Wystawa w wersji tekstowej PDF dla czytnik\u00f3w ekranowych:<br>\n<a href=\"https:\/\/marcepany.pl\/wpmm\/wystawy\/czekolada\/Plansza_nr_1.pdf\">\nPlansza numer 1 &#8211; CZEKOLADA PODBIJA EUROP\u0118<\/a><br>\n<a href=\"https:\/\/marcepany.pl\/wpmm\/wystawy\/czekolada\/Plansza_nr_2.pdf\">\nPlansza numer 2 &#8211; SPOTKANIE KULTUR &#8211; 1519<\/a><br>\n<a href=\"https:\/\/marcepany.pl\/wpmm\/wystawy\/czekolada\/Plansza_nr_3.pdf\">\nPlansza numer 3 &#8211; KALENDARIUM DZIEJ\u00d3W CZEKOLADY<\/a><br>\n<a href=\"https:\/\/marcepany.pl\/wpmm\/wystawy\/czekolada\/Plansza_nr_4.pdf\">\nPlansza numer 4 &#8211; CHOKOLA\u2019J, CACAHUATL, CHOCOLATE, CZEKOLADA<\/a><br>\n<a href=\"https:\/\/marcepany.pl\/wpmm\/wystawy\/czekolada\/Plansza_nr_5.pdf\">\nPlansza numer 5 &#8211; CZEKOLADA POJAWIA SI\u0118 W EUROPIE\u2026<\/a><br>\n<a href=\"https:\/\/marcepany.pl\/wpmm\/wystawy\/czekolada\/Plansza_nr_6.pdf\">\nPlansza numer 6 &#8211; CZEKOLADA STAJE SI\u0118 POWSZECHNA<\/a><br>\n<a href=\"https:\/\/marcepany.pl\/wpmm\/wystawy\/czekolada\/Plansza_nr_7.pdf\">\nPlansza numer 7 &#8211; CZY WIESZ, \u017bE &#8230;<\/a><br>\n<a href=\"https:\/\/marcepany.pl\/wpmm\/wystawy\/czekolada\/Plansza_nr_8.pdf\">\nPlansza numer 8 &#8211; PIOTRKOWSKIE KAWIARNIE I CUKIERNIA<\/a>\n<\/p>\n","protected":false},"excerpt":{"rendered":"<p>Wystawa w wersji tekstowej PDF dla czytnik\u00f3w ekranowych: Plansza numer 1 &#8211; CZEKOLADA PODBIJA EUROP\u0118 Plansza numer 2 &#8211; SPOTKANIE KULTUR &#8211; 1519 Plansza numer 3 &#8211; KALENDARIUM DZIEJ\u00d3W CZEKOLADY Plansza numer 4 &#8211; CHOKOLA\u2019J, CACAHUATL, CHOCOLATE, CZEKOLADA Plansza numer 5 &#8211; CZEKOLADA POJAWIA SI\u0118 W EUROPIE\u2026 Plansza numer 6 &#8211; CZEKOLADA STAJE SI\u0118 POWSZECHNA &#8230;.&nbsp;&nbsp;<a class=\" default\" href=\"https:\/\/marcepany.pl\/?page_id=403\">Read More<\/a><\/p>\n","protected":false},"author":1,"featured_media":0,"parent":0,"menu_order":0,"comment_status":"closed","ping_status":"closed","template":"","meta":{"footnotes":"","_links_to":"","_links_to_target":""},"class_list":["post-403","page","type-page","status-publish","hentry"],"_links":{"self":[{"href":"https:\/\/marcepany.pl\/index.php?rest_route=\/wp\/v2\/pages\/403","targetHints":{"allow":["GET"]}}],"collection":[{"href":"https:\/\/marcepany.pl\/index.php?rest_route=\/wp\/v2\/pages"}],"about":[{"href":"https:\/\/marcepany.pl\/index.php?rest_route=\/wp\/v2\/types\/page"}],"author":[{"embeddable":true,"href":"https:\/\/marcepany.pl\/index.php?rest_route=\/wp\/v2\/users\/1"}],"replies":[{"embeddable":true,"href":"https:\/\/marcepany.pl\/index.php?rest_route=%2Fwp%2Fv2%2Fcomments&post=403"}],"version-history":[{"count":4,"href":"https:\/\/marcepany.pl\/index.php?rest_route=\/wp\/v2\/pages\/403\/revisions"}],"predecessor-version":[{"id":536,"href":"https:\/\/marcepany.pl\/index.php?rest_route=\/wp\/v2\/pages\/403\/revisions\/536"}],"wp:attachment":[{"href":"https:\/\/marcepany.pl\/index.php?rest_route=%2Fwp%2Fv2%2Fmedia&parent=403"}],"curies":[{"name":"wp","href":"https:\/\/api.w.org\/{rel}","templated":true}]}}