{"id":405,"date":"2020-10-30T20:11:08","date_gmt":"2020-10-30T20:11:08","guid":{"rendered":"https:\/\/marcepany.pl\/?page_id=405"},"modified":"2020-11-30T10:05:01","modified_gmt":"2020-11-30T10:05:01","slug":"dobra-arcybiskupie-w-regionie-piotrkowskim","status":"publish","type":"page","link":"https:\/\/marcepany.pl\/?page_id=405","title":{"rendered":"DOBRA ARCYBISKUPIE W REGIONIE PIOTRKOWSKIM"},"content":{"rendered":"\n<figure class=\"wp-block-gallery columns-4 is-cropped\"><ul class=\"blocks-gallery-grid\"><li class=\"blocks-gallery-item\"><figure><a href=\"https:\/\/marcepany.pl\/wpmm\/wystawy\/dobra01.pdf\"><img decoding=\"async\" src=\"https:\/\/marcepany.pl\/wpmm\/wp-content\/uploads\/2020\/09\/dobra01-724x1024.jpg\" alt=\"Plansza numer 1 - DOBRA ARCYBISKUPIE W REGIONIE PIOTRKOWSKIM\" data-id=\"294\" data-full-url=\"https:\/\/marcepany.pl\/wpmm\/wp-content\/uploads\/2020\/09\/dobra01-scaled.jpg\" data-link=\"https:\/\/marcepany.pl\/?attachment_id=294\" class=\"wp-image-294\"><\/a><\/figure><\/li><li class=\"blocks-gallery-item\"><figure><a href=\"https:\/\/marcepany.pl\/wpmm\/wystawy\/dobra02.pdf\"><img decoding=\"async\" src=\"https:\/\/marcepany.pl\/wpmm\/wp-content\/uploads\/2020\/09\/dobra02-724x1024.jpg\" alt=\"Plansza numer 2 - GENEZA ARCYBISKUPSTWA GNIE\u0179NIE\u0143SKIEGO\" data-id=\"295\" data-full-url=\"https:\/\/marcepany.pl\/wpmm\/wp-content\/uploads\/2020\/09\/dobra02-scaled.jpg\" data-link=\"https:\/\/marcepany.pl\/?attachment_id=295\" class=\"wp-image-295\"><\/a><\/figure><\/li><li class=\"blocks-gallery-item\"><figure><a href=\"https:\/\/marcepany.pl\/wpmm\/wystawy\/dobra03.pdf\"><img decoding=\"async\" src=\"https:\/\/marcepany.pl\/wpmm\/wp-content\/uploads\/2020\/09\/dobra03-724x1024.jpg\" alt=\"Plansza numer 3 - KALENDARIUM DZIEJ\u00d3W ARCYBISKUPSTWA\" data-id=\"296\" data-full-url=\"https:\/\/marcepany.pl\/wpmm\/wp-content\/uploads\/2020\/09\/dobra03-scaled.jpg\" data-link=\"https:\/\/marcepany.pl\/?attachment_id=296\" class=\"wp-image-296\"><\/a><\/figure><\/li><li class=\"blocks-gallery-item\"><figure><a href=\"https:\/\/marcepany.pl\/wpmm\/wystawy\/dobra04.pdf\"><img decoding=\"async\" src=\"https:\/\/marcepany.pl\/wpmm\/wp-content\/uploads\/2020\/09\/dobra04-724x1024.jpg\" alt=\"Plansza numer 4 - HENRYK KIETLICZ\" data-id=\"297\" data-full-url=\"https:\/\/marcepany.pl\/wpmm\/wp-content\/uploads\/2020\/09\/dobra04-scaled.jpg\" data-link=\"https:\/\/marcepany.pl\/?attachment_id=297\" class=\"wp-image-297\"><\/a><\/figure><\/li><li class=\"blocks-gallery-item\"><figure><a href=\"https:\/\/marcepany.pl\/wpmm\/wystawy\/dobra05.pdf\"><img decoding=\"async\" src=\"https:\/\/marcepany.pl\/wpmm\/wp-content\/uploads\/2020\/09\/dobra05-724x1024.jpg\" alt=\"Plansza numer 5 - MIASTO KO\u015aCIELNE GROCHOLICE\" data-id=\"298\" data-full-url=\"https:\/\/marcepany.pl\/wpmm\/wp-content\/uploads\/2020\/09\/dobra05-scaled.jpg\" data-link=\"https:\/\/marcepany.pl\/?attachment_id=298\" class=\"wp-image-298\"><\/a><\/figure><\/li><li class=\"blocks-gallery-item\"><figure><a href=\"https:\/\/marcepany.pl\/wpmm\/wystawy\/dobra06.pdf\"><img decoding=\"async\" src=\"https:\/\/marcepany.pl\/wpmm\/wp-content\/uploads\/2020\/09\/dobra06-724x1024.jpg\" alt=\"Plansza numer 6 - ARCYBISKUPIE, BISKUPIE, JURYDYKA BISKUPIA\" data-id=\"299\" data-full-url=\"https:\/\/marcepany.pl\/wpmm\/wp-content\/uploads\/2020\/09\/dobra06-scaled.jpg\" data-link=\"https:\/\/marcepany.pl\/?attachment_id=299\" class=\"wp-image-299\"><\/a><\/figure><\/li><li class=\"blocks-gallery-item\"><figure><a href=\"https:\/\/marcepany.pl\/wpmm\/wystawy\/dobra07.pdf\"><img decoding=\"async\" src=\"https:\/\/marcepany.pl\/wpmm\/wp-content\/uploads\/2020\/09\/dobra07-724x1024.jpg\" alt=\"Plansza numer 7 - CZY WIESZ, \u017bE ...\" data-id=\"300\" data-full-url=\"https:\/\/marcepany.pl\/wpmm\/wp-content\/uploads\/2020\/09\/dobra07-scaled.jpg\" data-link=\"https:\/\/marcepany.pl\/?attachment_id=300\" class=\"wp-image-300\"><\/a><\/figure><\/li><li class=\"blocks-gallery-item\"><figure><a href=\"https:\/\/marcepany.pl\/wpmm\/wystawy\/dobra08.pdf\"><img decoding=\"async\" src=\"https:\/\/marcepany.pl\/wpmm\/wp-content\/uploads\/2020\/09\/dobra08-724x1024.jpg\" alt=\"Plansza numer 8 - SYNODY W PIOTRKOWIE W XV-XVII W.\" data-id=\"301\" data-full-url=\"https:\/\/marcepany.pl\/wpmm\/wp-content\/uploads\/2020\/09\/dobra08-scaled.jpg\" data-link=\"https:\/\/marcepany.pl\/?attachment_id=301\" class=\"wp-image-301\"><\/a><\/figure><\/li><\/ul><\/figure>\n<p><\/p>\n<hr>\n\n\n\n<p class=\"has-black-color has-text-color\">Wystawa w wersji tekstowej PDF dla czytnik\u00f3w ekranowych:<br>\n<a href=\"https:\/\/marcepany.pl\/wpmm\/wystawy\/da\/Plansza_nr_1.pdf\">\nPlansza numer 1 &#8211; DOBRA ARCYBISKUPIE W REGIONIE PIOTRKOWSKIM<\/a><br>\n<a href=\"https:\/\/marcepany.pl\/wpmm\/wystawy\/da\/Plansza_nr_2.pdf\">\nPlansza numer 2 &#8211; GENEZA ARCYBISKUPSTWA GNIE\u0179NIE\u0143SKIEGO<\/a><br>\n<a href=\"https:\/\/marcepany.pl\/wpmm\/wystawy\/da\/Plansza_nr_3.pdf\">\nPlansza numer 3 &#8211; KALENDARIUM DZIEJ\u00d3W ARCYBISKUPSTWA<\/a><br>\n<a href=\"https:\/\/marcepany.pl\/wpmm\/wystawy\/da\/Plansza_nr_4.pdf\">\nPlansza numer 4 &#8211; HENRYK KIETLICZ<\/a><br>\n<a href=\"https:\/\/marcepany.pl\/wpmm\/wystawy\/da\/Plansza_nr_5.pdf\">\nPlansza numer 5 &#8211; MIASTO KO\u015aCIELNE GROCHOLICE<\/a><br>\n<a href=\"https:\/\/marcepany.pl\/wpmm\/wystawy\/da\/Plansza_nr_6.pdf\">\nPlansza numer 6 &#8211; ARCYBISKUPIE, BISKUPIE, JURYDYKA BISKUPIA\u2026<\/a><br>\n<a href=\"https:\/\/marcepany.pl\/wpmm\/wystawy\/da\/Plansza_nr_7.pdf\">\nPlansza numer 7 &#8211; CZY WIESZ, \u017bE &#8230;<\/a><br>\n<a href=\"https:\/\/marcepany.pl\/wpmm\/wystawy\/da\/Plansza_nr_8.pdf\">\nPlansza numer 8 &#8211; SYNODY W PIOTRKOWIE W XV-XVII W.<\/a>\n<\/p>\n","protected":false},"excerpt":{"rendered":"<p>Wystawa w wersji tekstowej PDF dla czytnik\u00f3w ekranowych: Plansza numer 1 &#8211; DOBRA ARCYBISKUPIE W REGIONIE PIOTRKOWSKIM Plansza numer 2 &#8211; GENEZA ARCYBISKUPSTWA GNIE\u0179NIE\u0143SKIEGO Plansza numer 3 &#8211; KALENDARIUM DZIEJ\u00d3W ARCYBISKUPSTWA Plansza numer 4 &#8211; HENRYK KIETLICZ Plansza numer 5 &#8211; MIASTO KO\u015aCIELNE GROCHOLICE Plansza numer 6 &#8211; ARCYBISKUPIE, BISKUPIE, JURYDYKA BISKUPIA\u2026 Plansza numer 7 &#8230;.&nbsp;&nbsp;<a class=\" default\" href=\"https:\/\/marcepany.pl\/?page_id=405\">Read More<\/a><\/p>\n","protected":false},"author":1,"featured_media":0,"parent":0,"menu_order":0,"comment_status":"closed","ping_status":"closed","template":"","meta":{"footnotes":"","_links_to":"","_links_to_target":""},"class_list":["post-405","page","type-page","status-publish","hentry"],"_links":{"self":[{"href":"https:\/\/marcepany.pl\/index.php?rest_route=\/wp\/v2\/pages\/405","targetHints":{"allow":["GET"]}}],"collection":[{"href":"https:\/\/marcepany.pl\/index.php?rest_route=\/wp\/v2\/pages"}],"about":[{"href":"https:\/\/marcepany.pl\/index.php?rest_route=\/wp\/v2\/types\/page"}],"author":[{"embeddable":true,"href":"https:\/\/marcepany.pl\/index.php?rest_route=\/wp\/v2\/users\/1"}],"replies":[{"embeddable":true,"href":"https:\/\/marcepany.pl\/index.php?rest_route=%2Fwp%2Fv2%2Fcomments&post=405"}],"version-history":[{"count":4,"href":"https:\/\/marcepany.pl\/index.php?rest_route=\/wp\/v2\/pages\/405\/revisions"}],"predecessor-version":[{"id":526,"href":"https:\/\/marcepany.pl\/index.php?rest_route=\/wp\/v2\/pages\/405\/revisions\/526"}],"wp:attachment":[{"href":"https:\/\/marcepany.pl\/index.php?rest_route=%2Fwp%2Fv2%2Fmedia&parent=405"}],"curies":[{"name":"wp","href":"https:\/\/api.w.org\/{rel}","templated":true}]}}