{"id":407,"date":"2020-10-30T20:12:23","date_gmt":"2020-10-30T20:12:23","guid":{"rendered":"https:\/\/marcepany.pl\/?page_id=407"},"modified":"2020-11-30T10:21:30","modified_gmt":"2020-11-30T10:21:30","slug":"holdy-wielkich-mistrzow-zakonu-krzyzackiego","status":"publish","type":"page","link":"https:\/\/marcepany.pl\/?page_id=407","title":{"rendered":"HO\u0141DY WIELKICH MISTRZ\u00d3W ZAKONU KRZY\u017bACKIEGO"},"content":{"rendered":"\n<figure class=\"wp-block-gallery columns-4 is-cropped\"><ul class=\"blocks-gallery-grid\"><li class=\"blocks-gallery-item\"><figure><a href=\"https:\/\/marcepany.pl\/wpmm\/wystawy\/holdy01.pdf\"><img decoding=\"async\" src=\"https:\/\/marcepany.pl\/wpmm\/wp-content\/uploads\/2020\/09\/holdy01-724x1024.png\" alt=\"Plansza numer 1 - HO\u0141DY WIELKICH MISTRZ\u00d3W ZAKONU KRZY\u017bACKIEGO\" data-id=\"294\" data-full-url=\"https:\/\/marcepany.pl\/wpmm\/wp-content\/uploads\/2020\/09\/holdy01-scaled.png\" data-link=\"https:\/\/marcepany.pl\/?attachment_id=294\" class=\"wp-image-294\"><\/a><\/figure><\/li><li class=\"blocks-gallery-item\"><figure><a href=\"https:\/\/marcepany.pl\/wpmm\/wystawy\/holdy02.pdf\"><img decoding=\"async\" src=\"https:\/\/marcepany.pl\/wpmm\/wp-content\/uploads\/2020\/09\/holdy02-724x1024.png\" alt=\"Plansza numer 2 - POCZ\u0104TKI PA\u0143STWA KRZY\u017bACKIEGO W PRUSACH\" data-id=\"295\" data-full-url=\"https:\/\/marcepany.pl\/wpmm\/wp-content\/uploads\/2020\/09\/holdy02-scaled.png\" data-link=\"https:\/\/marcepany.pl\/?attachment_id=295\" class=\"wp-image-295\"><\/a><\/figure><\/li><li class=\"blocks-gallery-item\"><figure><a href=\"https:\/\/marcepany.pl\/wpmm\/wystawy\/holdy03.pdf\"><img decoding=\"async\" src=\"https:\/\/marcepany.pl\/wpmm\/wp-content\/uploads\/2020\/09\/holdy03-724x1024.png\" alt=\"Plansza numer 3 - KALENDARIUM DZIEJ\u00d3W ZAKONU KRZY\u017bACKIEGO\" data-id=\"296\" data-full-url=\"https:\/\/marcepany.pl\/wpmm\/wp-content\/uploads\/2020\/09\/holdy03-scaled.png\" data-link=\"https:\/\/marcepany.pl\/?attachment_id=296\" class=\"wp-image-296\"><\/a><\/figure><\/li><li class=\"blocks-gallery-item\"><figure><a href=\"https:\/\/marcepany.pl\/wpmm\/wystawy\/holdy04.pdf\"><img decoding=\"async\" src=\"https:\/\/marcepany.pl\/wpmm\/wp-content\/uploads\/2020\/09\/holdy04-724x1024.png\" alt=\"Plansza numer 4 - HO\u0141D PRUSKI 1525\" data-id=\"297\" data-full-url=\"https:\/\/marcepany.pl\/wpmm\/wp-content\/uploads\/2020\/09\/holdy04-scaled.png\" data-link=\"https:\/\/marcepany.pl\/?attachment_id=297\" class=\"wp-image-297\"><\/a><\/figure><\/li><li class=\"blocks-gallery-item\"><figure><a href=\"https:\/\/marcepany.pl\/wpmm\/wystawy\/holdy05.pdf\"><img decoding=\"async\" src=\"https:\/\/marcepany.pl\/wpmm\/wp-content\/uploads\/2020\/09\/holdy05-724x1024.png\" alt=\"Plansza numer 5 - HO\u0141D PRUSKI 1525 CI\u0104G DALSZY\" data-id=\"298\" data-full-url=\"https:\/\/marcepany.pl\/wpmm\/wp-content\/uploads\/2020\/09\/holdy05-scaled.png\" data-link=\"https:\/\/marcepany.pl\/?attachment_id=298\" class=\"wp-image-298\"><\/a><\/figure><\/li><li class=\"blocks-gallery-item\"><figure><a href=\"https:\/\/marcepany.pl\/wpmm\/wystawy\/holdy06.pdf\"><img decoding=\"async\" src=\"https:\/\/marcepany.pl\/wpmm\/wp-content\/uploads\/2020\/09\/holdy06-724x1024.png\" alt=\"Plansza numer 6 - HO\u0141DY WIELKICH MISTRZ\u00d3W KRZY\u017bACKICH W PIOTRKOWIE\" data-id=\"299\" data-full-url=\"https:\/\/marcepany.pl\/wpmm\/wp-content\/uploads\/2020\/09\/holdy06-scaled.png\" data-link=\"https:\/\/marcepany.pl\/?attachment_id=299\" class=\"wp-image-299\"><\/a><\/figure><\/li><li class=\"blocks-gallery-item\"><figure><a href=\"https:\/\/marcepany.pl\/wpmm\/wystawy\/holdy07.pdf\"><img decoding=\"async\" src=\"https:\/\/marcepany.pl\/wpmm\/wp-content\/uploads\/2020\/09\/holdy07-724x1024.png\" alt=\"Plansza numer 7 - CZY WIESZ, \u017bE ...\" data-id=\"300\" data-full-url=\"https:\/\/marcepany.pl\/wpmm\/wp-content\/uploads\/2020\/09\/holdy07-scaled.png\" data-link=\"https:\/\/marcepany.pl\/?attachment_id=300\" class=\"wp-image-300\"><\/a><\/figure><\/li><li class=\"blocks-gallery-item\"><figure><a href=\"https:\/\/marcepany.pl\/wpmm\/wystawy\/holdy08.pdf\"><img decoding=\"async\" src=\"https:\/\/marcepany.pl\/wpmm\/wp-content\/uploads\/2020\/09\/holdy08-724x1024.png\" alt=\"Plansza numer 8 - PIOTRK\u00d3W W DOBIE HO\u0141D\u00d3W KRZY\u017bACKICH\" data-id=\"301\" data-full-url=\"https:\/\/marcepany.pl\/wpmm\/wp-content\/uploads\/2020\/09\/holdy08-scaled.png\" data-link=\"https:\/\/marcepany.pl\/?attachment_id=301\" class=\"wp-image-301\"><\/a><\/figure><\/li><\/ul><\/figure>\n<p><\/p>\n<hr>\n\n\n\n<p class=\"has-black-color has-text-color\">Wystawa w wersji tekstowej PDF dla czytnik\u00f3w ekranowych:<br>\n<a href=\"https:\/\/marcepany.pl\/wpmm\/wystawy\/holdy\/Plansza_nr_1.pdf\">\nPlansza numer 1 &#8211; HO\u0141DY WIELKICH MISTRZ\u00d3W ZAKONU KRZY\u017bACKIEGO<\/a><br>\n<a href=\"https:\/\/marcepany.pl\/wpmm\/wystawy\/holdy\/Plansza_nr_2.pdf\">\nPlansza numer 2 &#8211; POCZ\u0104TKI PA\u0143STWA KRZY\u017bACKIEGO W PRUSACH<\/a><br>\n<a href=\"https:\/\/marcepany.pl\/wpmm\/wystawy\/holdy\/Plansza_nr_3.pdf\">\nPlansza numer 3 &#8211; KALENDARIUM DZIEJ\u00d3W ZAKONU KRZY\u017bACKIEGO<\/a><br>\n<a href=\"https:\/\/marcepany.pl\/wpmm\/wystawy\/holdy\/Plansza_nr_4.pdf\">\nPlansza numer 4 &#8211; HO\u0141D PRUSKI 1525<\/a><br>\n<a href=\"https:\/\/marcepany.pl\/wpmm\/wystawy\/holdy\/Plansza_nr_5.pdf\">\nPlansza numer 5 &#8211; HO\u0141D PRUSKI 1525 CI\u0104G DALSZY<\/a><br>\n<a href=\"https:\/\/marcepany.pl\/wpmm\/wystawy\/holdy\/Plansza_nr_6.pdf\">\nPlansza numer 6 &#8211; HO\u0141DY WIELKICH MISTRZ\u00d3W KRZY\u017bACKICH W PIOTRKOWIE<\/a><br>\n<a href=\"https:\/\/marcepany.pl\/wpmm\/wystawy\/holdy\/Plansza_nr_7.pdf\">\nPlansza numer 7 &#8211; CZY WIESZ, \u017bE &#8230;<\/a><br>\n<a href=\"https:\/\/marcepany.pl\/wpmm\/wystawy\/holdy\/Plansza_nr_8.pdf\">\nPlansza numer 8 &#8211; PIOTRK\u00d3W W DOBIE HO\u0141D\u00d3W KRZY\u017bACKICH<\/a>\n<\/p>\n","protected":false},"excerpt":{"rendered":"<p>Wystawa w wersji tekstowej PDF dla czytnik\u00f3w ekranowych: Plansza numer 1 &#8211; HO\u0141DY WIELKICH MISTRZ\u00d3W ZAKONU KRZY\u017bACKIEGO Plansza numer 2 &#8211; POCZ\u0104TKI PA\u0143STWA KRZY\u017bACKIEGO W PRUSACH Plansza numer 3 &#8211; KALENDARIUM DZIEJ\u00d3W ZAKONU KRZY\u017bACKIEGO Plansza numer 4 &#8211; HO\u0141D PRUSKI 1525 Plansza numer 5 &#8211; HO\u0141D PRUSKI 1525 CI\u0104G DALSZY Plansza numer 6 &#8211; HO\u0141DY &#8230;.&nbsp;&nbsp;<a class=\" default\" href=\"https:\/\/marcepany.pl\/?page_id=407\">Read More<\/a><\/p>\n","protected":false},"author":1,"featured_media":0,"parent":0,"menu_order":0,"comment_status":"closed","ping_status":"closed","template":"","meta":{"footnotes":"","_links_to":"","_links_to_target":""},"class_list":["post-407","page","type-page","status-publish","hentry"],"_links":{"self":[{"href":"https:\/\/marcepany.pl\/index.php?rest_route=\/wp\/v2\/pages\/407","targetHints":{"allow":["GET"]}}],"collection":[{"href":"https:\/\/marcepany.pl\/index.php?rest_route=\/wp\/v2\/pages"}],"about":[{"href":"https:\/\/marcepany.pl\/index.php?rest_route=\/wp\/v2\/types\/page"}],"author":[{"embeddable":true,"href":"https:\/\/marcepany.pl\/index.php?rest_route=\/wp\/v2\/users\/1"}],"replies":[{"embeddable":true,"href":"https:\/\/marcepany.pl\/index.php?rest_route=%2Fwp%2Fv2%2Fcomments&post=407"}],"version-history":[{"count":5,"href":"https:\/\/marcepany.pl\/index.php?rest_route=\/wp\/v2\/pages\/407\/revisions"}],"predecessor-version":[{"id":529,"href":"https:\/\/marcepany.pl\/index.php?rest_route=\/wp\/v2\/pages\/407\/revisions\/529"}],"wp:attachment":[{"href":"https:\/\/marcepany.pl\/index.php?rest_route=%2Fwp%2Fv2%2Fmedia&parent=407"}],"curies":[{"name":"wp","href":"https:\/\/api.w.org\/{rel}","templated":true}]}}