{"id":433,"date":"2020-10-31T20:59:21","date_gmt":"2020-10-31T20:59:21","guid":{"rendered":"https:\/\/marcepany.pl\/?page_id=433"},"modified":"2020-11-30T10:59:07","modified_gmt":"2020-11-30T10:59:07","slug":"zygmunt-ii-august-500-lecie-urodzin-1520-2020","status":"publish","type":"page","link":"https:\/\/marcepany.pl\/?page_id=433","title":{"rendered":"Zygmunt II August 500-lecie urodzin (1520-2020)"},"content":{"rendered":"\n<figure class=\"wp-block-gallery columns-4 is-cropped\"><ul class=\"blocks-gallery-grid\"><li class=\"blocks-gallery-item\"><figure><a href=\"https:\/\/marcepany.pl\/wpmm\/wystawy\/za01.pdf\"><img decoding=\"async\" src=\"https:\/\/marcepany.pl\/wpmm\/wp-content\/uploads\/2020\/10\/za01-725x1024.jpg\" alt=\"Plansza numer 1 - ZYGMUNT II AUGUST 500-LECIE URODZIN\" data-id=\"294\" data-full-url=\"https:\/\/marcepany.pl\/wpmm\/wp-content\/uploads\/2020\/10\/za01-scaled.jpg\" data-link=\"https:\/\/marcepany.pl\/?attachment_id=294\" class=\"wp-image-294\"><\/a><\/figure><\/li><li class=\"blocks-gallery-item\"><figure><a href=\"https:\/\/marcepany.pl\/wpmm\/wystawy\/za02.pdf\"><img decoding=\"async\" src=\"https:\/\/marcepany.pl\/wpmm\/wp-content\/uploads\/2020\/10\/za02-724x1024.jpg\" alt=\"Plansza numer 2 - R\u00d3D JAGIELLON\u00d3W\" data-id=\"295\" data-full-url=\"https:\/\/marcepany.pl\/wpmm\/wp-content\/uploads\/2020\/10\/za02-scaled.jpg\" data-link=\"https:\/\/marcepany.pl\/?attachment_id=295\" class=\"wp-image-295\"><\/a><\/figure><\/li><li class=\"blocks-gallery-item\"><figure><a href=\"https:\/\/marcepany.pl\/wpmm\/wystawy\/za03.pdf\"><img decoding=\"async\" src=\"https:\/\/marcepany.pl\/wpmm\/wp-content\/uploads\/2020\/10\/za03-724x1024.jpg\" alt=\"Plansza numer 3 - KALENDARIUM\" data-id=\"296\" data-full-url=\"https:\/\/marcepany.pl\/wpmm\/wp-content\/uploads\/2020\/10\/za03-scaled.jpg\" data-link=\"https:\/\/marcepany.pl\/?attachment_id=296\" class=\"wp-image-296\"><\/a><\/figure><\/li><li class=\"blocks-gallery-item\"><figure><a href=\"https:\/\/marcepany.pl\/wpmm\/wystawy\/za04.pdf\"><img decoding=\"async\" src=\"https:\/\/marcepany.pl\/wpmm\/wp-content\/uploads\/2020\/10\/za04-724x1024.jpg\" alt=\"Plansza numer 4 - ZYGMUNT II ROZS\u0104DNY\" data-id=\"297\" data-full-url=\"https:\/\/marcepany.pl\/wpmm\/wp-content\/uploads\/2020\/10\/za04-scaled.jpg\" data-link=\"https:\/\/marcepany.pl\/?attachment_id=297\" class=\"wp-image-297\"><\/a><\/figure><\/li><li class=\"blocks-gallery-item\"><figure><a href=\"https:\/\/marcepany.pl\/wpmm\/wystawy\/za05.pdf\"><img decoding=\"async\" src=\"https:\/\/marcepany.pl\/wpmm\/wp-content\/uploads\/2020\/10\/za05-724x1024.jpg\" alt=\"Plansza numer 5 - NIE JESTEM KR\u00d3LEM WASZYCH SUMIE\u0143\" data-id=\"298\" data-full-url=\"https:\/\/marcepany.pl\/wpmm\/wp-content\/uploads\/2020\/10\/za05-scaled.jpg\" data-link=\"https:\/\/marcepany.pl\/?attachment_id=298\" class=\"wp-image-298\"><\/a><\/figure><\/li><li class=\"blocks-gallery-item\"><figure><a href=\"https:\/\/marcepany.pl\/wpmm\/wystawy\/za06.pdf\"><img decoding=\"async\" src=\"https:\/\/marcepany.pl\/wpmm\/wp-content\/uploads\/2020\/10\/za06-724x1024.jpg\" alt=\"Plansza numer 6 - ZYGMUNT I BARBARA\" data-id=\"299\" data-full-url=\"https:\/\/marcepany.pl\/wpmm\/wp-content\/uploads\/2020\/10\/za06-scaled.jpg\" data-link=\"https:\/\/marcepany.pl\/?attachment_id=299\" class=\"wp-image-299\"><\/a><\/figure><\/li><li class=\"blocks-gallery-item\"><figure><a href=\"https:\/\/marcepany.pl\/wpmm\/wystawy\/za07.pdf\"><img decoding=\"async\" src=\"https:\/\/marcepany.pl\/wpmm\/wp-content\/uploads\/2020\/10\/za07-724x1024.jpg\" alt=\"Plansza numer 7 - CZY WIESZ, \u017bE ...\" data-id=\"300\" data-full-url=\"https:\/\/marcepany.pl\/wpmm\/wp-content\/uploads\/2020\/10\/za07-scaled.jpg\" data-link=\"https:\/\/marcepany.pl\/?attachment_id=300\" class=\"wp-image-300\"><\/a><\/figure><\/li><li class=\"blocks-gallery-item\"><figure><a href=\"https:\/\/marcepany.pl\/wpmm\/wystawy\/za08.pdf\"><img decoding=\"async\" src=\"https:\/\/marcepany.pl\/wpmm\/wp-content\/uploads\/2020\/10\/za08-724x1024.jpg\" alt=\"Plansza numer 8 - ZYGMUNT II AUGUST W PIOTRKOWIE\" data-id=\"301\" data-full-url=\"https:\/\/marcepany.pl\/wpmm\/wp-content\/uploads\/2020\/10\/za08-scaled.jpg\" data-link=\"https:\/\/marcepany.pl\/?attachment_id=301\" class=\"wp-image-301\"><\/a><\/figure><\/li><\/ul><\/figure>\n<p><\/p>\n<hr>\n\n\n\n<p class=\"has-black-color has-text-color\">Wystawa w wersji tekstowej PDF dla czytnik\u00f3w ekranowych:<br>\n<a href=\"https:\/\/marcepany.pl\/wpmm\/wystawy\/za\/Plansza_nr_1.pdf\">\nPlansza numer 1 &#8211; ZYGMUNT II AUGUST 500-LECIE URODZIN<\/a><br>\n<a href=\"https:\/\/marcepany.pl\/wpmm\/wystawy\/za\/Plansza_nr_2.pdf\">\nPlansza numer 2 &#8211; R\u00d3D JAGIELLON\u00d3W<\/a><br>\n<a href=\"https:\/\/marcepany.pl\/wpmm\/wystawy\/za\/Plansza_nr_3.pdf\">\nPlansza numer 3 &#8211; KALENDARIUM<\/a><br>\n<a href=\"https:\/\/marcepany.pl\/wpmm\/wystawy\/za\/Plansza_nr_4.pdf\">\nPlansza numer 4 &#8211; ZYGMUNT II ROZS\u0104DNY<\/a><br>\n<a href=\"https:\/\/marcepany.pl\/wpmm\/wystawy\/za\/Plansza_nr_5.pdf\">\nPlansza numer 5 &#8211; NIE JESTEM KR\u00d3LEM WASZYCH SUMIE\u0143<\/a><br>\n<a href=\"https:\/\/marcepany.pl\/wpmm\/wystawy\/za\/Plansza_nr_6.pdf\">\nPlansza numer 6 &#8211; ZYGMUNT I BARBARA<\/a><br>\n<a href=\"https:\/\/marcepany.pl\/wpmm\/wystawy\/za\/Plansza_nr_7.pdf\">\nPlansza numer 7 &#8211; CZY WIESZ, \u017bE &#8230;<\/a><br>\n<a href=\"https:\/\/marcepany.pl\/wpmm\/wystawy\/za\/Plansza_nr_8.pdf\">\nPlansza numer 8 &#8211; ZYGMUNT II AUGUST W PIOTRKOWIE<\/a>\n<\/p>\n","protected":false},"excerpt":{"rendered":"<p>Wystawa w wersji tekstowej PDF dla czytnik\u00f3w ekranowych: Plansza numer 1 &#8211; ZYGMUNT II AUGUST 500-LECIE URODZIN Plansza numer 2 &#8211; R\u00d3D JAGIELLON\u00d3W Plansza numer 3 &#8211; KALENDARIUM Plansza numer 4 &#8211; ZYGMUNT II ROZS\u0104DNY Plansza numer 5 &#8211; NIE JESTEM KR\u00d3LEM WASZYCH SUMIE\u0143 Plansza numer 6 &#8211; ZYGMUNT I BARBARA Plansza numer 7 &#8211; &#8230;.&nbsp;&nbsp;<a class=\" default\" href=\"https:\/\/marcepany.pl\/?page_id=433\">Read More<\/a><\/p>\n","protected":false},"author":1,"featured_media":0,"parent":0,"menu_order":0,"comment_status":"closed","ping_status":"closed","template":"","meta":{"footnotes":"","_links_to":"","_links_to_target":""},"class_list":["post-433","page","type-page","status-publish","hentry"],"_links":{"self":[{"href":"https:\/\/marcepany.pl\/index.php?rest_route=\/wp\/v2\/pages\/433","targetHints":{"allow":["GET"]}}],"collection":[{"href":"https:\/\/marcepany.pl\/index.php?rest_route=\/wp\/v2\/pages"}],"about":[{"href":"https:\/\/marcepany.pl\/index.php?rest_route=\/wp\/v2\/types\/page"}],"author":[{"embeddable":true,"href":"https:\/\/marcepany.pl\/index.php?rest_route=\/wp\/v2\/users\/1"}],"replies":[{"embeddable":true,"href":"https:\/\/marcepany.pl\/index.php?rest_route=%2Fwp%2Fv2%2Fcomments&post=433"}],"version-history":[{"count":8,"href":"https:\/\/marcepany.pl\/index.php?rest_route=\/wp\/v2\/pages\/433\/revisions"}],"predecessor-version":[{"id":542,"href":"https:\/\/marcepany.pl\/index.php?rest_route=\/wp\/v2\/pages\/433\/revisions\/542"}],"wp:attachment":[{"href":"https:\/\/marcepany.pl\/index.php?rest_route=%2Fwp%2Fv2%2Fmedia&parent=433"}],"curies":[{"name":"wp","href":"https:\/\/api.w.org\/{rel}","templated":true}]}}