{"id":454,"date":"2020-11-10T08:55:13","date_gmt":"2020-11-10T08:55:13","guid":{"rendered":"https:\/\/marcepany.pl\/?page_id=454"},"modified":"2020-11-30T11:05:00","modified_gmt":"2020-11-30T11:05:00","slug":"kreple-baby-i-inne-ciasta-smakolyki-kuchni-staropolskiej","status":"publish","type":"page","link":"https:\/\/marcepany.pl\/?page_id=454","title":{"rendered":"KREPLE, BABY i INNE CIASTA &#8211; SMAKO\u0141YKI KUCHNI STAROPOLSKIEJ"},"content":{"rendered":"\n<figure class=\"wp-block-gallery columns-3 is-cropped\"><ul class=\"blocks-gallery-grid\"><li class=\"blocks-gallery-item\"><figure><a href=\"https:\/\/marcepany.pl\/wpmm\/wystawy\/sm01.pdf\"><img loading=\"lazy\" decoding=\"async\" width=\"212\" height=\"300\" src=\"https:\/\/marcepany.pl\/wpmm\/wp-content\/uploads\/2020\/10\/sm01-212x300.jpg\" alt=\"Plansza numer 1 - KREPLE, BABY I INNE CIASTA\" data-id=\"445\" data-full-url=\"https:\/\/marcepany.pl\/wpmm\/wp-content\/uploads\/2020\/10\/sm01.jpg\" data-link=\"https:\/\/marcepany.pl\/?attachment_id=445\" class=\"wp-image-445\"><\/a><\/figure><\/li><li class=\"blocks-gallery-item\"><figure><a href=\"https:\/\/marcepany.pl\/wpmm\/wystawy\/sm02.pdf\"><img loading=\"lazy\" decoding=\"async\" width=\"212\" height=\"300\" src=\"https:\/\/marcepany.pl\/wpmm\/wp-content\/uploads\/2020\/10\/sm02-212x300.jpg\" alt=\"Plansza numer 2 - MI\u00d3D, CZYLI S\u0141ODYCZ W \u015aWIECIE PRZED CUKREM\" data-id=\"446\" data-full-url=\"https:\/\/marcepany.pl\/wpmm\/wp-content\/uploads\/2020\/10\/sm02.jpg\" data-link=\"https:\/\/marcepany.pl\/?attachment_id=446\" class=\"wp-image-446\"><\/a><\/figure><\/li><li class=\"blocks-gallery-item\"><figure><a href=\"https:\/\/marcepany.pl\/wpmm\/wystawy\/sm03.pdf\"><img loading=\"lazy\" decoding=\"async\" width=\"212\" height=\"300\" src=\"https:\/\/marcepany.pl\/wpmm\/wp-content\/uploads\/2020\/10\/sm03-212x300.jpg\" alt=\"Plansza numer 3 - PIEPRZNY SMAKO\u0141YK\" data-id=\"447\" data-full-url=\"https:\/\/marcepany.pl\/wpmm\/wp-content\/uploads\/2020\/10\/sm03.jpg\" data-link=\"https:\/\/marcepany.pl\/?attachment_id=447\" class=\"wp-image-447\"><\/a><\/figure><\/li><li class=\"blocks-gallery-item\"><figure><a href=\"https:\/\/marcepany.pl\/wpmm\/wystawy\/sm04.pdf\"><img loading=\"lazy\" decoding=\"async\" width=\"212\" height=\"300\" src=\"https:\/\/marcepany.pl\/wpmm\/wp-content\/uploads\/2020\/10\/sm04-212x300.jpg\" alt=\"Plansza numer 4 - KONFETY NA WETY, CZYLI TATARAK W MIODZIE\" data-id=\"448\" data-full-url=\"https:\/\/marcepany.pl\/wpmm\/wp-content\/uploads\/2020\/10\/sm04.jpg\" data-link=\"https:\/\/marcepany.pl\/?attachment_id=448\" class=\"wp-image-448\"><\/a><\/figure><\/li><li class=\"blocks-gallery-item\"><figure><a href=\"https:\/\/marcepany.pl\/wpmm\/wystawy\/sm05.pdf\"><img loading=\"lazy\" decoding=\"async\" width=\"212\" height=\"300\" src=\"https:\/\/marcepany.pl\/wpmm\/wp-content\/uploads\/2020\/10\/sm05-212x300.jpg\" alt=\"Plansza numer 5 - TWARDY JAK P\u0104CZEK\" data-id=\"449\" data-full-url=\"https:\/\/marcepany.pl\/wpmm\/wp-content\/uploads\/2020\/10\/sm05.jpg\" data-link=\"https:\/\/marcepany.pl\/?attachment_id=449\" class=\"wp-image-449\"><\/a><\/figure><\/li><li class=\"blocks-gallery-item\"><figure><a href=\"https:\/\/marcepany.pl\/wpmm\/wystawy\/sm06.pdf\"><img loading=\"lazy\" decoding=\"async\" width=\"212\" height=\"300\" src=\"https:\/\/marcepany.pl\/wpmm\/wp-content\/uploads\/2020\/10\/sm06-212x300.jpg\" alt=\"Plansza numer 6 - BABA Z 96 JAJ, CZYLI CIASTO NA \u015aWI\u0118TA\" data-id=\"450\" data-full-url=\"https:\/\/marcepany.pl\/wpmm\/wp-content\/uploads\/2020\/10\/sm06.jpg\" data-link=\"https:\/\/marcepany.pl\/?attachment_id=450\" class=\"wp-image-450\"><\/a><\/figure><\/li><li class=\"blocks-gallery-item\"><figure><a href=\"https:\/\/marcepany.pl\/wpmm\/wystawy\/sm07.pdf\"><img loading=\"lazy\" decoding=\"async\" width=\"212\" height=\"300\" src=\"https:\/\/marcepany.pl\/wpmm\/wp-content\/uploads\/2020\/10\/sm07-212x300.jpg\" alt=\"Plansza numer 7 - OD LEKARSTWA DO TRUCIZNY, CZYLI KR\u00d3TKA HISTORIA CUKRU\" data-id=\"451\" data-full-url=\"https:\/\/marcepany.pl\/wpmm\/wp-content\/uploads\/2020\/10\/sm07.jpg\" data-link=\"https:\/\/marcepany.pl\/?attachment_id=451\" class=\"wp-image-451\"><\/a><\/figure><\/li><li class=\"blocks-gallery-item\"><figure><a href=\"https:\/\/marcepany.pl\/wpmm\/wystawy\/sm08.pdf\"><img loading=\"lazy\" decoding=\"async\" width=\"212\" height=\"300\" src=\"https:\/\/marcepany.pl\/wpmm\/wp-content\/uploads\/2020\/10\/sm08-212x300.jpg\" alt=\"Plansza numer 8 - SER JAB\u0141KOWY, CZYLI KRESOWE S\u0141ODKO\u015aCI\" data-id=\"452\" data-full-url=\"https:\/\/marcepany.pl\/wpmm\/wp-content\/uploads\/2020\/10\/sm08.jpg\" data-link=\"https:\/\/marcepany.pl\/?attachment_id=452\" class=\"wp-image-452\"><\/a><\/figure><\/li><li class=\"blocks-gallery-item\"><figure><a href=\"https:\/\/marcepany.pl\/wpmm\/wystawy\/sm09.pdf\"><img loading=\"lazy\" decoding=\"async\" width=\"212\" height=\"300\" src=\"https:\/\/marcepany.pl\/wpmm\/wp-content\/uploads\/2020\/10\/sm09-212x300.jpg\" alt=\"Plansza numer 9 - KAWIARNIANO-CIASTKOWA REWOLUCJA, CZYLI KONIEC PEWNEJ EPOKI\" data-id=\"453\" data-full-url=\"https:\/\/marcepany.pl\/wpmm\/wp-content\/uploads\/2020\/10\/sm09.jpg\" data-link=\"https:\/\/marcepany.pl\/?attachment_id=453\" class=\"wp-image-453\"><\/a><\/figure><\/li><\/ul><\/figure>\n\n\n\n<p class=\"has-black-color has-text-color\">Wystawa w wersji tekstowej PDF dla czytnik\u00f3w ekranowych:<br>\n<a href=\"https:\/\/marcepany.pl\/wpmm\/wystawy\/sm\/Plansza_nr_1.pdf\">\nPlansza numer 1 &#8211; KREPLE, BABY I INNE CIASTA<\/a><br>\n<a href=\"https:\/\/marcepany.pl\/wpmm\/wystawy\/sm\/Plansza_nr_2.pdf\">\nPlansza numer 2 &#8211; MI\u00d3D, CZYLI S\u0141ODYCZ W \u015aWIECIE PRZED CUKREM<\/a><br>\n<a href=\"https:\/\/marcepany.pl\/wpmm\/wystawy\/sm\/Plansza_nr_3.pdf\">\nPlansza numer 3 &#8211; PIEPRZNY SMAKO\u0141YK<\/a><br>\n<a href=\"https:\/\/marcepany.pl\/wpmm\/wystawy\/sm\/Plansza_nr_4.pdf\">\nPlansza numer 4 &#8211; KONFETY NA WETY, CZYLI TATARAK W MIODZIE<\/a><br>\n<a href=\"https:\/\/marcepany.pl\/wpmm\/wystawy\/sm\/Plansza_nr_5.pdf\">\nPlansza numer 5 &#8211; TWARDY JAK P\u0104CZEK<\/a><br>\n<a href=\"https:\/\/marcepany.pl\/wpmm\/wystawy\/sm\/Plansza_nr_6.pdf\">\nPlansza numer 6 &#8211; BABA Z 96 JAJ, CZYLI CIASTO NA \u015aWI\u0118TA<\/a><br>\n<a href=\"https:\/\/marcepany.pl\/wpmm\/wystawy\/sm\/Plansza_nr_7.pdf\">\nPlansza numer 7 &#8211; OD LEKARSTWA DO TRUCIZNY, CZYLI KR\u00d3TKA HISTORIA CUKRU<\/a><br>\n<a href=\"https:\/\/marcepany.pl\/wpmm\/wystawy\/sm\/Plansza_nr_8.pdf\">\nPlansza numer 8 &#8211; SER JAB\u0141KOWY, CZYLI KRESOWE S\u0141ODKO\u015aCI<\/a><br>\n<a href=\"https:\/\/marcepany.pl\/wpmm\/wystawy\/sm\/Plansza_nr_9.pdf\">\nPlansza numer 9 &#8211; KAWIARNIANO-CIASTKOWA REWOLUCJA, CZYLI KONIEC PEWNEJ EPOKI<\/a>\n<\/p>\n\n\n\n<p><\/p>\n","protected":false},"excerpt":{"rendered":"<p>Wystawa w wersji tekstowej PDF dla czytnik\u00f3w ekranowych: Plansza numer 1 &#8211; KREPLE, BABY I INNE CIASTA Plansza numer 2 &#8211; MI\u00d3D, CZYLI S\u0141ODYCZ W \u015aWIECIE PRZED CUKREM Plansza numer 3 &#8211; PIEPRZNY SMAKO\u0141YK Plansza numer 4 &#8211; KONFETY NA WETY, CZYLI TATARAK W MIODZIE Plansza numer 5 &#8211; TWARDY JAK P\u0104CZEK Plansza numer 6 &#8230;.&nbsp;&nbsp;<a class=\" default\" href=\"https:\/\/marcepany.pl\/?page_id=454\">Read More<\/a><\/p>\n","protected":false},"author":1,"featured_media":0,"parent":0,"menu_order":0,"comment_status":"closed","ping_status":"closed","template":"","meta":{"footnotes":"","_links_to":"","_links_to_target":""},"class_list":["post-454","page","type-page","status-publish","hentry"],"_links":{"self":[{"href":"https:\/\/marcepany.pl\/index.php?rest_route=\/wp\/v2\/pages\/454","targetHints":{"allow":["GET"]}}],"collection":[{"href":"https:\/\/marcepany.pl\/index.php?rest_route=\/wp\/v2\/pages"}],"about":[{"href":"https:\/\/marcepany.pl\/index.php?rest_route=\/wp\/v2\/types\/page"}],"author":[{"embeddable":true,"href":"https:\/\/marcepany.pl\/index.php?rest_route=\/wp\/v2\/users\/1"}],"replies":[{"embeddable":true,"href":"https:\/\/marcepany.pl\/index.php?rest_route=%2Fwp%2Fv2%2Fcomments&post=454"}],"version-history":[{"count":16,"href":"https:\/\/marcepany.pl\/index.php?rest_route=\/wp\/v2\/pages\/454\/revisions"}],"predecessor-version":[{"id":544,"href":"https:\/\/marcepany.pl\/index.php?rest_route=\/wp\/v2\/pages\/454\/revisions\/544"}],"wp:attachment":[{"href":"https:\/\/marcepany.pl\/index.php?rest_route=%2Fwp%2Fv2%2Fmedia&parent=454"}],"curies":[{"name":"wp","href":"https:\/\/api.w.org\/{rel}","templated":true}]}}