{"id":725,"date":"2024-08-15T07:52:43","date_gmt":"2024-08-15T07:52:43","guid":{"rendered":"https:\/\/marcepany.pl\/?page_id=725"},"modified":"2024-08-15T08:08:06","modified_gmt":"2024-08-15T08:08:06","slug":"standardy-ochrony-maloletnich","status":"publish","type":"page","link":"https:\/\/marcepany.pl\/?page_id=725","title":{"rendered":"Standardy ochrony ma\u0142oletnich"},"content":{"rendered":"\n<p>Polityka ochrony dzieci przed krzywdzeniem &#8211; <a href=\"https:\/\/marcepany.pl\/wpmm\/pliki\/som.pdf\">POBIERZ<\/a><\/p>\n\n\n\n<p>Za\u0142\u0105cznik nr 1 do polityki ochrony dzieci przed krzywdzeniem &#8211; <a href=\"https:\/\/marcepany.pl\/wpmm\/pliki\/som_zal_1.pdf\">POBIERZ<\/a><\/p>\n\n\n\n<p>Za\u0142\u0105cznik nr 2 do polityki ochrony dzieci przed krzywdzeniem &#8211; <a href=\"https:\/\/marcepany.pl\/wpmm\/pliki\/som_zal_2.pdf\">POBIERZ<\/a><\/p>\n\n\n\n<p>Za\u0142\u0105cznik nr 3 do polityki ochrony dzieci przed krzywdzeniem &#8211; <a href=\"https:\/\/marcepany.pl\/wpmm\/pliki\/som_zal_3.pdf\">POBIERZ<\/a><\/p>\n\n\n\n<p>Za\u0142\u0105cznik nr 4 do polityki ochrony dzieci przed krzywdzeniem &#8211; <a href=\"https:\/\/marcepany.pl\/wpmm\/pliki\/som_zal_4.pdf\">POBIERZ<\/a><\/p>\n\n\n\n<p>Polityka ochrony dzieci przed krzywdzeniem (wersja skr\u00f3cona) &#8211; <a href=\"https:\/\/marcepany.pl\/wpmm\/pliki\/som_skr.pdf\">POBIERZ<\/a><\/p>\n","protected":false},"excerpt":{"rendered":"<p>Polityka ochrony dzieci przed krzywdzeniem &#8211; POBIERZ Za\u0142\u0105cznik nr 1 do polityki ochrony dzieci przed krzywdzeniem &#8211; POBIERZ Za\u0142\u0105cznik nr 2 do polityki ochrony dzieci przed krzywdzeniem &#8211; POBIERZ Za\u0142\u0105cznik nr 3 do polityki ochrony dzieci przed krzywdzeniem &#8211; POBIERZ Za\u0142\u0105cznik nr 4 do polityki ochrony dzieci przed krzywdzeniem &#8211; POBIERZ Polityka ochrony dzieci przed &#8230;.&nbsp;&nbsp;<a class=\" default\" href=\"https:\/\/marcepany.pl\/?page_id=725\">Read More<\/a><\/p>\n","protected":false},"author":1,"featured_media":0,"parent":0,"menu_order":0,"comment_status":"closed","ping_status":"closed","template":"","meta":{"footnotes":"","_links_to":"","_links_to_target":""},"class_list":["post-725","page","type-page","status-publish","hentry"],"_links":{"self":[{"href":"https:\/\/marcepany.pl\/index.php?rest_route=\/wp\/v2\/pages\/725","targetHints":{"allow":["GET"]}}],"collection":[{"href":"https:\/\/marcepany.pl\/index.php?rest_route=\/wp\/v2\/pages"}],"about":[{"href":"https:\/\/marcepany.pl\/index.php?rest_route=\/wp\/v2\/types\/page"}],"author":[{"embeddable":true,"href":"https:\/\/marcepany.pl\/index.php?rest_route=\/wp\/v2\/users\/1"}],"replies":[{"embeddable":true,"href":"https:\/\/marcepany.pl\/index.php?rest_route=%2Fwp%2Fv2%2Fcomments&post=725"}],"version-history":[{"count":7,"href":"https:\/\/marcepany.pl\/index.php?rest_route=\/wp\/v2\/pages\/725\/revisions"}],"predecessor-version":[{"id":735,"href":"https:\/\/marcepany.pl\/index.php?rest_route=\/wp\/v2\/pages\/725\/revisions\/735"}],"wp:attachment":[{"href":"https:\/\/marcepany.pl\/index.php?rest_route=%2Fwp%2Fv2%2Fmedia&parent=725"}],"curies":[{"name":"wp","href":"https:\/\/api.w.org\/{rel}","templated":true}]}}